{"id":142,"date":"2025-10-17T17:41:06","date_gmt":"2025-10-17T15:41:06","guid":{"rendered":"https:\/\/steficek-grupa.hr\/privatnost-podataka-2\/"},"modified":"2025-10-17T19:21:07","modified_gmt":"2025-10-17T17:21:07","slug":"privatnost-podataka","status":"publish","type":"page","link":"https:\/\/steficek-grupa.hr\/en\/privatnost-podataka\/","title":{"rendered":"Privacy Policy"},"content":{"rendered":"<div data-elementor-type=\"wp-page\" data-elementor-id=\"142\" class=\"elementor elementor-142\" data-elementor-post-type=\"page\">\n\t\t\t\t<div class=\"elementor-element elementor-element-6820691f e-flex e-con-boxed e-con e-parent\" data-id=\"6820691f\" data-element_type=\"container\" data-settings=\"{&quot;background_background&quot;:&quot;classic&quot;}\">\n\t\t\t\t\t<div class=\"e-con-inner\">\n\t\t<div class=\"elementor-element elementor-element-4b9fb80d e-con-full e-flex e-con e-child\" data-id=\"4b9fb80d\" data-element_type=\"container\">\n\t\t\t\t<div class=\"elementor-element elementor-element-2af6e8d0 elementor-widget elementor-widget-heading\" data-id=\"2af6e8d0\" data-element_type=\"widget\" data-widget_type=\"heading.default\">\n\t\t\t\t\t<h2 class=\"elementor-heading-title elementor-size-default\">Privacy Policy<\/h2>\t\t\t\t<\/div>\n\t\t\t\t<\/div>\n\t\t\t\t\t<\/div>\n\t\t\t\t<\/div>\n\t\t<div class=\"elementor-element elementor-element-1006f5e4 e-flex e-con-boxed e-con e-parent\" data-id=\"1006f5e4\" data-element_type=\"container\">\n\t\t\t\t\t<div class=\"e-con-inner\">\n\t\t\t\t<div class=\"elementor-element elementor-element-6d0b64dc elementor-widget elementor-widget-text-editor\" data-id=\"6d0b64dc\" data-element_type=\"widget\" data-widget_type=\"text-editor.default\">\n\t\t\t\t\t\t\t\t\t<h3><strong>Please read the text below in detail: \u0160tefi\u010dek-grupa d.o.o.<\/strong><\/h3><p>The website administrators are the only people who have access to this data. The data is stored in the form of a message (email) and can be removed at the request of the person concerned. The data is not available to anyone other than the website administrators. All data content is processed in the Republic of Croatia. We also note that the web software leaves a so-called cookie, a text file that contains pieces of information (such as selected settings on the website), in the cache of your internet browser. This is used ONLY to allow the website to \u201cremember\u201d your previous language selection of the website. The software does not collect or send any other form of information to your computer.<\/p><p class=\"translation-block\">By selecting \u201cI Accept\" You agree and accept the rules you have read.<\/p>\t\t\t\t\t\t\t\t<\/div>\n\t\t\t\t\t<\/div>\n\t\t\t\t<\/div>\n\t\t\t\t<\/div>","protected":false},"excerpt":{"rendered":"<p>Privatnost podataka Molimo detaljno pro\u010ditajte tekst u nastavku: \u0160tefi\u010dek-grupa d.o.o. Administratori stranice su jedine osobe koje imaju pristup tim podatcima. Podatci su pohranjeni u obliku poruke (email) i oni mogu biti uklonjeni na zahtjev doti\u010dne osobe. Podatci nisu dostupni nikome osim administratorima web stranice. Sav sadr\u017eaj podataka se procesira u Republici Hrvatskoj. Tako\u0111er napominjemo da [&hellip;]<\/p>","protected":false},"author":1,"featured_media":0,"parent":0,"menu_order":0,"comment_status":"closed","ping_status":"closed","template":"","meta":{"footnotes":""},"class_list":["post-142","page","type-page","status-publish","hentry"],"blocksy_meta":[],"yoast_head":"<!-- This site is optimized with the Yoast SEO plugin v26.6 - https:\/\/yoast.com\/wordpress\/plugins\/seo\/ -->\n<title>\u0160tefi\u010dek grupa d.o.o.<\/title>\n<meta name=\"robots\" content=\"index, follow, max-snippet:-1, max-image-preview:large, max-video-preview:-1\" \/>\n<link rel=\"canonical\" href=\"https:\/\/steficek-grupa.hr\/en\/privatnost-podataka\/\" \/>\n<meta property=\"og:locale\" content=\"en_US\" \/>\n<meta property=\"og:type\" content=\"article\" \/>\n<meta property=\"og:title\" content=\"\u0160tefi\u010dek grupa d.o.o.\" \/>\n<meta property=\"og:description\" content=\"Privatnost podataka Molimo detaljno pro\u010ditajte tekst u nastavku: \u0160tefi\u010dek-grupa d.o.o. Administratori stranice su jedine osobe koje imaju pristup tim podatcima. Podatci su pohranjeni u obliku poruke (email) i oni mogu biti uklonjeni na zahtjev doti\u010dne osobe. Podatci nisu dostupni nikome osim administratorima web stranice. Sav sadr\u017eaj podataka se procesira u Republici Hrvatskoj. Tako\u0111er napominjemo da [&hellip;]\" \/>\n<meta property=\"og:url\" content=\"https:\/\/steficek-grupa.hr\/en\/privatnost-podataka\/\" \/>\n<meta property=\"og:site_name\" content=\"\u0160tefi\u010dek grupa d.o.o.\" \/>\n<meta property=\"article:modified_time\" content=\"2025-10-17T17:21:07+00:00\" \/>\n<meta name=\"twitter:card\" content=\"summary_large_image\" \/>\n<meta name=\"twitter:label1\" content=\"Est. reading time\" \/>\n\t<meta name=\"twitter:data1\" content=\"1 minute\" \/>\n<script type=\"application\/ld+json\" class=\"yoast-schema-graph\">{\"@context\":\"https:\/\/schema.org\",\"@graph\":[{\"@type\":\"WebPage\",\"@id\":\"https:\/\/steficek-grupa.hr\/privatnost-podataka\/\",\"url\":\"https:\/\/steficek-grupa.hr\/privatnost-podataka\/\",\"name\":\"\u0160tefi\u010dek grupa d.o.o.\",\"isPartOf\":{\"@id\":\"https:\/\/steficek-grupa.hr\/#website\"},\"datePublished\":\"2025-10-17T15:41:06+00:00\",\"dateModified\":\"2025-10-17T17:21:07+00:00\",\"breadcrumb\":{\"@id\":\"https:\/\/steficek-grupa.hr\/privatnost-podataka\/#breadcrumb\"},\"inLanguage\":\"en-US\",\"potentialAction\":[{\"@type\":\"ReadAction\",\"target\":[\"https:\/\/steficek-grupa.hr\/privatnost-podataka\/\"]}]},{\"@type\":\"BreadcrumbList\",\"@id\":\"https:\/\/steficek-grupa.hr\/privatnost-podataka\/#breadcrumb\",\"itemListElement\":[{\"@type\":\"ListItem\",\"position\":1,\"name\":\"Home\",\"item\":\"https:\/\/steficek-grupa.hr\/\"},{\"@type\":\"ListItem\",\"position\":2,\"name\":\"Privatnost podataka\"}]},{\"@type\":\"WebSite\",\"@id\":\"https:\/\/steficek-grupa.hr\/#website\",\"url\":\"https:\/\/steficek-grupa.hr\/\",\"name\":\"\u0160tefi\u010dek grupa d.o.o.\",\"description\":\"Partner u projektu\",\"publisher\":{\"@id\":\"https:\/\/steficek-grupa.hr\/#organization\"},\"potentialAction\":[{\"@type\":\"SearchAction\",\"target\":{\"@type\":\"EntryPoint\",\"urlTemplate\":\"https:\/\/steficek-grupa.hr\/?s={search_term_string}\"},\"query-input\":{\"@type\":\"PropertyValueSpecification\",\"valueRequired\":true,\"valueName\":\"search_term_string\"}}],\"inLanguage\":\"en-US\"},{\"@type\":\"Organization\",\"@id\":\"https:\/\/steficek-grupa.hr\/#organization\",\"name\":\"\u0160tefi\u010dek grupa d.o.o.\",\"url\":\"https:\/\/steficek-grupa.hr\/\",\"logo\":{\"@type\":\"ImageObject\",\"inLanguage\":\"en-US\",\"@id\":\"https:\/\/steficek-grupa.hr\/#\/schema\/logo\/image\/\",\"url\":\"https:\/\/steficek-grupa.hr\/wp-content\/uploads\/2025\/10\/steficekcolor.webp\",\"contentUrl\":\"https:\/\/steficek-grupa.hr\/wp-content\/uploads\/2025\/10\/steficekcolor.webp\",\"width\":274,\"height\":128,\"caption\":\"\u0160tefi\u010dek grupa d.o.o.\"},\"image\":{\"@id\":\"https:\/\/steficek-grupa.hr\/#\/schema\/logo\/image\/\"}}]}<\/script>\n<!-- \/ Yoast SEO plugin. -->","yoast_head_json":{"title":"\u0160tefi\u010dek grupa d.o.o.","robots":{"index":"index","follow":"follow","max-snippet":"max-snippet:-1","max-image-preview":"max-image-preview:large","max-video-preview":"max-video-preview:-1"},"canonical":"https:\/\/steficek-grupa.hr\/en\/privatnost-podataka\/","og_locale":"en_US","og_type":"article","og_title":"\u0160tefi\u010dek grupa d.o.o.","og_description":"Privatnost podataka Molimo detaljno pro\u010ditajte tekst u nastavku: \u0160tefi\u010dek-grupa d.o.o. Administratori stranice su jedine osobe koje imaju pristup tim podatcima. Podatci su pohranjeni u obliku poruke (email) i oni mogu biti uklonjeni na zahtjev doti\u010dne osobe. Podatci nisu dostupni nikome osim administratorima web stranice. Sav sadr\u017eaj podataka se procesira u Republici Hrvatskoj. Tako\u0111er napominjemo da [&hellip;]","og_url":"https:\/\/steficek-grupa.hr\/en\/privatnost-podataka\/","og_site_name":"\u0160tefi\u010dek grupa d.o.o.","article_modified_time":"2025-10-17T17:21:07+00:00","twitter_card":"summary_large_image","twitter_misc":{"Est. reading time":"1 minute"},"schema":{"@context":"https:\/\/schema.org","@graph":[{"@type":"WebPage","@id":"https:\/\/steficek-grupa.hr\/privatnost-podataka\/","url":"https:\/\/steficek-grupa.hr\/privatnost-podataka\/","name":"\u0160tefi\u010dek grupa d.o.o.","isPartOf":{"@id":"https:\/\/steficek-grupa.hr\/#website"},"datePublished":"2025-10-17T15:41:06+00:00","dateModified":"2025-10-17T17:21:07+00:00","breadcrumb":{"@id":"https:\/\/steficek-grupa.hr\/privatnost-podataka\/#breadcrumb"},"inLanguage":"en-US","potentialAction":[{"@type":"ReadAction","target":["https:\/\/steficek-grupa.hr\/privatnost-podataka\/"]}]},{"@type":"BreadcrumbList","@id":"https:\/\/steficek-grupa.hr\/privatnost-podataka\/#breadcrumb","itemListElement":[{"@type":"ListItem","position":1,"name":"Home","item":"https:\/\/steficek-grupa.hr\/"},{"@type":"ListItem","position":2,"name":"Privatnost podataka"}]},{"@type":"WebSite","@id":"https:\/\/steficek-grupa.hr\/#website","url":"https:\/\/steficek-grupa.hr\/","name":"\u0160tefi\u010dek grupa d.o.o.","description":"Project partner","publisher":{"@id":"https:\/\/steficek-grupa.hr\/#organization"},"potentialAction":[{"@type":"SearchAction","target":{"@type":"EntryPoint","urlTemplate":"https:\/\/steficek-grupa.hr\/?s={search_term_string}"},"query-input":{"@type":"PropertyValueSpecification","valueRequired":true,"valueName":"search_term_string"}}],"inLanguage":"en-US"},{"@type":"Organization","@id":"https:\/\/steficek-grupa.hr\/#organization","name":"\u0160tefi\u010dek grupa d.o.o.","url":"https:\/\/steficek-grupa.hr\/","logo":{"@type":"ImageObject","inLanguage":"en-US","@id":"https:\/\/steficek-grupa.hr\/#\/schema\/logo\/image\/","url":"https:\/\/steficek-grupa.hr\/wp-content\/uploads\/2025\/10\/steficekcolor.webp","contentUrl":"https:\/\/steficek-grupa.hr\/wp-content\/uploads\/2025\/10\/steficekcolor.webp","width":274,"height":128,"caption":"\u0160tefi\u010dek grupa d.o.o."},"image":{"@id":"https:\/\/steficek-grupa.hr\/#\/schema\/logo\/image\/"}}]}},"_links":{"self":[{"href":"https:\/\/steficek-grupa.hr\/en\/wp-json\/wp\/v2\/pages\/142","targetHints":{"allow":["GET"]}}],"collection":[{"href":"https:\/\/steficek-grupa.hr\/en\/wp-json\/wp\/v2\/pages"}],"about":[{"href":"https:\/\/steficek-grupa.hr\/en\/wp-json\/wp\/v2\/types\/page"}],"author":[{"embeddable":true,"href":"https:\/\/steficek-grupa.hr\/en\/wp-json\/wp\/v2\/users\/1"}],"replies":[{"embeddable":true,"href":"https:\/\/steficek-grupa.hr\/en\/wp-json\/wp\/v2\/comments?post=142"}],"version-history":[{"count":4,"href":"https:\/\/steficek-grupa.hr\/en\/wp-json\/wp\/v2\/pages\/142\/revisions"}],"predecessor-version":[{"id":192,"href":"https:\/\/steficek-grupa.hr\/en\/wp-json\/wp\/v2\/pages\/142\/revisions\/192"}],"wp:attachment":[{"href":"https:\/\/steficek-grupa.hr\/en\/wp-json\/wp\/v2\/media?parent=142"}],"curies":[{"name":"wp","href":"https:\/\/api.w.org\/{rel}","templated":true}]}}